{"id":28,"date":"2021-08-31T16:20:06","date_gmt":"2021-08-31T14:20:06","guid":{"rendered":"http:\/\/protutelle.be\/mj818802-ovh\/?page_id=28"},"modified":"2022-03-07T11:51:57","modified_gmt":"2022-03-07T10:51:57","slug":"contact","status":"publish","type":"page","link":"https:\/\/protutelle.be\/index.php\/contact\/","title":{"rendered":"Contact"},"content":{"rendered":"\n<h2 class=\"wp-block-heading\"><strong>F\u00e9d\u00e9ration des services de Protutelle<\/strong><\/h2>\n\n\n\n<h3 class=\"wp-block-heading\">Coordonn\u00e9es de nos bureaux<\/h3>\n\n\n\n<div class=\"wp-block-image\"><figure class=\"alignleft size-full is-resized\"><img loading=\"lazy\" decoding=\"async\" src=\"http:\/\/protutelle.be\/wp-content\/uploads\/2021\/08\/cropped-FSP_Logo-2.jpg\" alt=\"\" class=\"wp-image-63\" width=\"404\" height=\"304\" srcset=\"https:\/\/protutelle.be\/wp-content\/uploads\/2021\/08\/cropped-FSP_Logo-2.jpg 512w, https:\/\/protutelle.be\/wp-content\/uploads\/2021\/08\/cropped-FSP_Logo-2-300x226.jpg 300w\" sizes=\"(max-width: 404px) 100vw, 404px\" \/><\/figure><\/div>\n\n\n\n<h2 class=\"wp-block-heading\">Si\u00e8ge Social de la FSP<\/h2>\n\n\n\n<p><strong>Rue Chevaufosse, 72<\/strong><br><strong>4000 Li\u00e8ge<\/strong> ( proximit\u00e9 gare Li\u00e8ge Jonfosse)<\/p>\n\n\n\n<p style=\"line-height:0.5\"><strong>T\u00e9l\u00e9phone \/ Fax :<\/strong> <a class=\"phone-companion-processed p-tel\" style=\"color: black;\" title=\"Companion: Call +32494192892\" href=\"tel:+32494192892\" data-pnd=\"link\">0494.192.892<\/a><\/p>\n\n\n\n<p style=\"line-height:0.5\"><strong>GSM :<\/strong> <a class=\"phone-companion-processed p-tel\" style=\"color: black;\" title=\"Companion: Call +32497468204\" href=\"tel:+32497468204\" data-pnd=\"link\">0497.468.204<\/a><\/p>\n\n\n\n<p style=\"line-height:0.5\"><strong>Email :<\/strong> <a href=\"mailto:abridelenfance@protutelle.be\">abridelenfance@protutelle.be<\/a><\/p>\n\n\n<p><\/p>\n\n\n<p>       <\/p>\n\n\n<p><\/p>\n\n\n<p>       <\/p>\n\n\n\n<h2 class=\"wp-block-heading\">Envoi d&#8217;email     <\/h2>\n\n\n\n<p>S\u00e9lectionnez votre destinataire (FSP\/Bruxelles\/Charleroi\/Li\u00e8ge\/Tournai)<\/p>\n\n\n\n<p><\/p>\n\n\n\n<p>       <\/p>\n\n\n\n<div class=\"wpcf7 no-js\" id=\"wpcf7-f206-o1\" lang=\"fr-FR\" dir=\"ltr\">\n<div class=\"screen-reader-response\"><p role=\"status\" aria-live=\"polite\" aria-atomic=\"true\"><\/p> <ul><\/ul><\/div>\n<form action=\"\/index.php\/wp-json\/wp\/v2\/pages\/28#wpcf7-f206-o1\" method=\"post\" class=\"wpcf7-form init\" aria-label=\"Formulaire de contact\" novalidate=\"novalidate\" data-status=\"init\">\n<div style=\"display: none;\">\n<input type=\"hidden\" name=\"_wpcf7\" value=\"206\" \/>\n<input type=\"hidden\" name=\"_wpcf7_version\" value=\"5.7.7\" \/>\n<input type=\"hidden\" name=\"_wpcf7_locale\" value=\"fr_FR\" \/>\n<input type=\"hidden\" name=\"_wpcf7_unit_tag\" value=\"wpcf7-f206-o1\" \/>\n<input type=\"hidden\" name=\"_wpcf7_container_post\" value=\"0\" \/>\n<input type=\"hidden\" name=\"_wpcf7_posted_data_hash\" value=\"\" \/>\n<\/div>\n<p><span class=\"wpcf7-form-control-wrap\" data-name=\"your-recipient\"><select class=\"wpcf7-form-control wpcf7-select wpcf7-validates-as-required\" aria-required=\"true\" aria-invalid=\"false\" name=\"your-recipient\"><option value=\"F\u00e9d\u00e9ration des Services de Protutelle\">F\u00e9d\u00e9ration des Services de Protutelle<\/option><option value=\"Bruxelles\">Bruxelles<\/option><option value=\"Charleroi\">Charleroi<\/option><option value=\"Li\u00e8ge\">Li\u00e8ge<\/option><option value=\"Tournai\">Tournai<\/option><\/select><\/span>\n<\/p>\n<p><label> Votre nom<br \/>\n<span class=\"wpcf7-form-control-wrap\" data-name=\"your-name\"><input size=\"40\" class=\"wpcf7-form-control wpcf7-text wpcf7-validates-as-required\" aria-required=\"true\" aria-invalid=\"false\" value=\"\" type=\"text\" name=\"your-name\" \/><\/span> <\/label>\n<\/p>\n<p><label> Votre e-mail<br \/>\n<span class=\"wpcf7-form-control-wrap\" data-name=\"your-email\"><input size=\"40\" class=\"wpcf7-form-control wpcf7-text wpcf7-email wpcf7-validates-as-required wpcf7-validates-as-email\" aria-required=\"true\" aria-invalid=\"false\" value=\"\" type=\"email\" name=\"your-email\" \/><\/span> <\/label>\n<\/p>\n<p><label> Objet<br \/>\n<span class=\"wpcf7-form-control-wrap\" data-name=\"your-subject\"><input size=\"40\" class=\"wpcf7-form-control wpcf7-text wpcf7-validates-as-required\" aria-required=\"true\" aria-invalid=\"false\" value=\"\" type=\"text\" name=\"your-subject\" \/><\/span> <\/label>\n<\/p>\n<p><label> Votre message (facultatif)<br \/>\n<span class=\"wpcf7-form-control-wrap\" data-name=\"your-message\"><textarea cols=\"40\" rows=\"10\" class=\"wpcf7-form-control wpcf7-textarea\" aria-invalid=\"false\" name=\"your-message\"><\/textarea><\/span> <\/label>\n<\/p>\n<p><input class=\"wpcf7-form-control has-spinner wpcf7-submit\" type=\"submit\" value=\"Envoyer\" \/>\n<\/p><p style=\"display: none !important;\"><label>&#916;<textarea name=\"_wpcf7_ak_hp_textarea\" cols=\"45\" rows=\"8\" maxlength=\"100\"><\/textarea><\/label><input type=\"hidden\" id=\"ak_js_1\" name=\"_wpcf7_ak_js\" value=\"140\"\/><script>document.getElementById( \"ak_js_1\" ).setAttribute( \"value\", ( new Date() ).getTime() );<\/script><\/p><div class=\"wpcf7-response-output\" aria-hidden=\"true\"><\/div>\n<\/form>\n<\/div>\n\n<p><!-- \/wp:paragraph --><\/p>\n<p><!-- wp:paragraph {\"align\":\"center\"} --><\/p>\n<p><!-- wp:paragraph --><\/p>\n<p><!-- \/wp:paragraph --><\/p>\n<p class=\"has-text-align-center\">\n<\/p><p><!-- \/wp:image --><\/p>\n<p><!-- wp:heading --><\/p>\n<h2>Plan d&rsquo;acc\u00e8s<\/h2>\n<p><\/p>\n<p><!-- \/wp:heading --><\/p>\n<p><!-- wp:paragraph --><\/p>\n<p><!-- \/wp:paragraph --><\/p>\n<p><!-- wp:html --><br><iframe loading=\"lazy\" style=\"border: 0;\" src=\"https:\/\/www.google.com\/maps\/embed?pb=!1m14!1m8!1m3!1d5060.763497385651!2d5.55669!3d50.638601!3m2!1i1024!2i768!4f13.1!3m3!1m2!1s0x47c0fa2284b4af2b%3A0xedaee379888fd1e!2sRue%20Chevaufosse%2072%2C%204000%20Li%C3%A8ge!5e0!3m2!1sfr!2sbe!4v1634140707103!5m2!1sfr!2sbe\" width=\"600\" height=\"450\" allowfullscreen=\"allowfullscreen\"><\/iframe><br><!-- \/wp:html --><\/p>\n<p><!-- wp:paragraph --><\/p>\n<p><!-- \/wp:paragraph --><\/p>\n<p><!-- wp:paragraph --><\/p>\n<p><!-- \/wp:paragraph --><br><!-- wp:paragraph {\"align\":\"center\"} --><\/p>\n<p class=\"has-text-align-center\"><em>Agr\u00e9\u00e9 et subsidi\u00e9 par<\/em><\/p>\n<p><!-- \/wp:paragraph --><\/p>\n<p><!-- wp:image {\"align\":\"center\",\"id\":51,\"width\":90,\"height\":90,\"sizeSlug\":\"full\",\"linkDestination\":\"none\"} --><\/p>\n<div class=\"wp-block-image\">\n<figure class=\"aligncenter size-full is-resized\"><img loading=\"lazy\" decoding=\"async\" class=\"wp-image-51 aligncenter\" src=\"http:\/\/protutelle.be\/wp-content\/uploads\/2021\/08\/Fed-Wallonie-Bruxelles.jpg\" alt=\"\" width=\"90\" height=\"90\" srcset=\"https:\/\/protutelle.be\/wp-content\/uploads\/2021\/08\/Fed-Wallonie-Bruxelles.jpg 512w, https:\/\/protutelle.be\/wp-content\/uploads\/2021\/08\/Fed-Wallonie-Bruxelles-300x300.jpg 300w, https:\/\/protutelle.be\/wp-content\/uploads\/2021\/08\/Fed-Wallonie-Bruxelles-150x150.jpg 150w\" sizes=\"(max-width: 90px) 100vw, 90px\" \/><\/figure>\n<\/div>\n<p><!-- \/wp:image --><\/p>\n<p><!-- wp:paragraph --><\/p>\n<p><!-- \/wp:paragraph --><\/p>\n<p><!-- wp:paragraph --><\/p>\n<p><!-- \/wp:paragraph --><\/p>","protected":false},"excerpt":{"rendered":"<p>F\u00e9d\u00e9ration des services de Protutelle Coordonn\u00e9es de nos bureaux Si\u00e8ge Social de la FSP Rue Chevaufosse, 724000 Li\u00e8ge ( proximit\u00e9 gare Li\u00e8ge Jonfosse) T\u00e9l\u00e9phone \/ Fax : 0494.192.892 GSM : 0497.468.204 Email : abridelenfance@protutelle.be Envoi d&#8217;email S\u00e9lectionnez votre destinataire (FSP\/Bruxelles\/Charleroi\/Li\u00e8ge\/Tournai) Plan d&rsquo;acc\u00e8s Agr\u00e9\u00e9 et subsidi\u00e9 par<\/p>\n","protected":false},"author":1,"featured_media":0,"parent":0,"menu_order":0,"comment_status":"closed","ping_status":"closed","template":"","meta":{"footnotes":""},"_links":{"self":[{"href":"https:\/\/protutelle.be\/index.php\/wp-json\/wp\/v2\/pages\/28"}],"collection":[{"href":"https:\/\/protutelle.be\/index.php\/wp-json\/wp\/v2\/pages"}],"about":[{"href":"https:\/\/protutelle.be\/index.php\/wp-json\/wp\/v2\/types\/page"}],"author":[{"embeddable":true,"href":"https:\/\/protutelle.be\/index.php\/wp-json\/wp\/v2\/users\/1"}],"replies":[{"embeddable":true,"href":"https:\/\/protutelle.be\/index.php\/wp-json\/wp\/v2\/comments?post=28"}],"version-history":[{"count":37,"href":"https:\/\/protutelle.be\/index.php\/wp-json\/wp\/v2\/pages\/28\/revisions"}],"predecessor-version":[{"id":308,"href":"https:\/\/protutelle.be\/index.php\/wp-json\/wp\/v2\/pages\/28\/revisions\/308"}],"wp:attachment":[{"href":"https:\/\/protutelle.be\/index.php\/wp-json\/wp\/v2\/media?parent=28"}],"curies":[{"name":"wp","href":"https:\/\/api.w.org\/{rel}","templated":true}]}}