{"id":2,"date":"2021-08-31T15:32:36","date_gmt":"2021-08-31T13:32:36","guid":{"rendered":"http:\/\/protutelle.be\/mj818802-ovh\/?page_id=2"},"modified":"2022-03-07T11:44:59","modified_gmt":"2022-03-07T10:44:59","slug":"page-d-accueil","status":"publish","type":"page","link":"https:\/\/protutelle.be\/","title":{"rendered":"Page d\u2019accueil"},"content":{"rendered":"\n<div class=\"wp-block-group\"><div class=\"wp-block-group__inner-container is-layout-flow wp-block-group-is-layout-flow\">\n<div class=\"wp-block-columns is-layout-flex wp-container-core-columns-is-layout-3 wp-block-columns-is-layout-flex\">\n<div class=\"wp-block-column is-layout-flow wp-block-column-is-layout-flow\">\n<div class=\"wp-block-columns is-layout-flex wp-container-core-columns-is-layout-1 wp-block-columns-is-layout-flex\">\n<div class=\"wp-block-column is-layout-flow wp-block-column-is-layout-flow\">\n<figure class=\"wp-block-image size-full is-resized\"><img loading=\"lazy\" decoding=\"async\" src=\"http:\/\/protutelle.be\/wp-content\/uploads\/2021\/09\/Service_de_protutelle_Logo.jpg\" alt=\"\" class=\"wp-image-95\" width=\"173\" height=\"108\"\/><\/figure>\n<\/div>\n\n\n\n<div class=\"wp-block-column is-layout-flow wp-block-column-is-layout-flow\">\n<figure class=\"wp-block-image size-full is-resized\"><img loading=\"lazy\" decoding=\"async\" src=\"http:\/\/protutelle.be\/wp-content\/uploads\/2021\/09\/CAAE_Logo.jpg\" alt=\"\" class=\"wp-image-93\" width=\"116\" height=\"71\"\/><\/figure>\n<\/div>\n<\/div>\n<\/div>\n\n\n\n<div class=\"wp-block-column is-layout-flow wp-block-column-is-layout-flow\">\n<div class=\"wp-block-columns is-layout-flex wp-container-core-columns-is-layout-2 wp-block-columns-is-layout-flex\">\n<div class=\"wp-block-column is-layout-flow wp-block-column-is-layout-flow\">\n<figure class=\"wp-block-image size-large is-resized\"><img loading=\"lazy\" decoding=\"async\" src=\"http:\/\/protutelle.be\/wp-content\/uploads\/2022\/02\/Logo-Bleu-ok-731x1024.png\" alt=\"\" class=\"wp-image-272\" width=\"83\" height=\"115\" srcset=\"https:\/\/protutelle.be\/wp-content\/uploads\/2022\/02\/Logo-Bleu-ok-731x1024.png 731w, https:\/\/protutelle.be\/wp-content\/uploads\/2022\/02\/Logo-Bleu-ok-214x300.png 214w, https:\/\/protutelle.be\/wp-content\/uploads\/2022\/02\/Logo-Bleu-ok-768x1075.png 768w, https:\/\/protutelle.be\/wp-content\/uploads\/2022\/02\/Logo-Bleu-ok.png 1080w\" sizes=\"(max-width: 83px) 100vw, 83px\" \/><\/figure>\n<\/div>\n\n\n\n<div class=\"wp-block-column is-layout-flow wp-block-column-is-layout-flow\">\n<figure class=\"wp-block-image size-full is-resized\"><img loading=\"lazy\" decoding=\"async\" src=\"http:\/\/protutelle.be\/wp-content\/uploads\/2021\/08\/Renouveau_logo-e1632841651132.jpg\" alt=\"\" class=\"wp-image-67\" width=\"113\" height=\"85\"\/><\/figure>\n<\/div>\n<\/div>\n<\/div>\n<\/div>\n<\/div><\/div>\n\n\n\n<h2 class=\"wp-block-heading\">Nos Missions :<\/h2>\n\n\n\n<h4 class=\"wp-block-heading\"><strong>Les services de protutelle sont mandat\u00e9s par le conseiller d&rsquo;aide \u00e0 la jeunesse pour :<\/strong><\/h4>\n\n\n\n<ul><li>Rechercher un protuteur en tenant compte de l&rsquo;int\u00e9r\u00eat de l&rsquo;enfant. En effet, il est indispensable que l&rsquo;enfant puisse b\u00e9n\u00e9ficier de l&rsquo;encadrement d&rsquo;un repr\u00e9sentant l\u00e9gal afin de favoriser une \u00e9volution harmonieuse<\/li><li>Aider le protuteur dans l&rsquo;exercice de sa mission (amener la r\u00e9flexion dans un contexte de prise de d\u00e9cision importante, orientations diverses, recherche de solutions les plus ad\u00e9quates, r\u00e9daction des rapports,&#8230;)<\/li><li>Coordonner les relations entre le jeune, le protuteur, le mandant et le r\u00e9seau du jeune<\/li><li>\u00c9valuer et g\u00e9rer les relations entre l&rsquo;enfant et le(s) parent(s) d\u00e9chu(s)<\/li><li>Etre en lien avec le jeune, cr\u00e9er une relation de confiance, proposer et aider \u00e0 l&rsquo;organisation d&rsquo;activit\u00e9s \u00e9ducatives avec le protuteur, encadrer et \u00e9valuer les rencontres entre le jeune et son protuteur<\/li><\/ul>\n\n\n\n<p><\/p>\n\n\n\n<p><\/p>\n\n\n\n<p><\/p>\n\n\n\n<p><\/p>\n\n\n\n<p class=\"has-text-align-center\"><em>Agr\u00e9\u00e9 et subsidi\u00e9 par<\/em> <\/p>\n\n\n\n<div class=\"wp-block-image\"><figure class=\"aligncenter size-full is-resized\"><img loading=\"lazy\" decoding=\"async\" src=\"http:\/\/protutelle.be\/wp-content\/uploads\/2021\/08\/Fed-Wallonie-Bruxelles.jpg\" alt=\"\" class=\"wp-image-51\" width=\"90\" height=\"90\" srcset=\"https:\/\/protutelle.be\/wp-content\/uploads\/2021\/08\/Fed-Wallonie-Bruxelles.jpg 512w, https:\/\/protutelle.be\/wp-content\/uploads\/2021\/08\/Fed-Wallonie-Bruxelles-300x300.jpg 300w, https:\/\/protutelle.be\/wp-content\/uploads\/2021\/08\/Fed-Wallonie-Bruxelles-150x150.jpg 150w\" sizes=\"(max-width: 90px) 100vw, 90px\" \/><\/figure><\/div>\n\n\n\n<p><\/p>\n","protected":false},"excerpt":{"rendered":"<p>Nos Missions : Les services de protutelle sont mandat\u00e9s par le conseiller d&rsquo;aide \u00e0 la jeunesse pour : Rechercher un protuteur en tenant compte de l&rsquo;int\u00e9r\u00eat de l&rsquo;enfant. En effet, il est indispensable que l&rsquo;enfant puisse b\u00e9n\u00e9ficier de l&rsquo;encadrement d&rsquo;un repr\u00e9sentant l\u00e9gal afin de favoriser une \u00e9volution harmonieuse Aider le protuteur dans l&rsquo;exercice de sa&hellip; <a class=\"more-link\" href=\"https:\/\/protutelle.be\/\">Poursuivre la lecture <span class=\"screen-reader-text\">Page d\u2019accueil<\/span><\/a><\/p>\n","protected":false},"author":1,"featured_media":0,"parent":0,"menu_order":0,"comment_status":"closed","ping_status":"closed","template":"","meta":{"footnotes":""},"_links":{"self":[{"href":"https:\/\/protutelle.be\/index.php\/wp-json\/wp\/v2\/pages\/2"}],"collection":[{"href":"https:\/\/protutelle.be\/index.php\/wp-json\/wp\/v2\/pages"}],"about":[{"href":"https:\/\/protutelle.be\/index.php\/wp-json\/wp\/v2\/types\/page"}],"author":[{"embeddable":true,"href":"https:\/\/protutelle.be\/index.php\/wp-json\/wp\/v2\/users\/1"}],"replies":[{"embeddable":true,"href":"https:\/\/protutelle.be\/index.php\/wp-json\/wp\/v2\/comments?post=2"}],"version-history":[{"count":31,"href":"https:\/\/protutelle.be\/index.php\/wp-json\/wp\/v2\/pages\/2\/revisions"}],"predecessor-version":[{"id":305,"href":"https:\/\/protutelle.be\/index.php\/wp-json\/wp\/v2\/pages\/2\/revisions\/305"}],"wp:attachment":[{"href":"https:\/\/protutelle.be\/index.php\/wp-json\/wp\/v2\/media?parent=2"}],"curies":[{"name":"wp","href":"https:\/\/api.w.org\/{rel}","templated":true}]}}