{"id":126,"date":"2021-09-28T18:23:54","date_gmt":"2021-09-28T16:23:54","guid":{"rendered":"http:\/\/protutelle.be\/mj818802-ovh\/?page_id=126"},"modified":"2022-03-07T11:46:28","modified_gmt":"2022-03-07T10:46:28","slug":"autorite-parentale-decheance","status":"publish","type":"page","link":"https:\/\/protutelle.be\/index.php\/autorite-parentale-decheance\/","title":{"rendered":"Autorit\u00e9 parentale et d\u00e9ch\u00e9ance"},"content":{"rendered":"\n<h2 class=\"wp-block-heading\">De quoi parlons-nous ?<\/h2>\n\n\n\n<h2 class=\"has-text-align-left has-large-font-size wp-block-heading\"><strong>Les droits et devoirs des parents \u00e0 l&rsquo;\u00e9gard de leur enfant mineur d&rsquo;\u00e2ge :<\/strong><\/h2>\n\n\n\n<ul class=\"has-normal-font-size\"><li>Le droit de garde et d&rsquo;\u00e9ducation<\/li><li>Repr\u00e9senter le jeune, consentir \u00e0 ses actes et administer ses biens<\/li><li>Jouir des biens de son enfant&nbsp;<\/li><li>R\u00e9clamer des aliments \u00e0 son enfant&nbsp;<\/li><li>Recueillir tout ou partie de la succession de son enfant<\/li><\/ul>\n\n\n\n<p>La d\u00e9ch\u00e9ance de l&rsquo;autorit\u00e9 parentale est une mesure prononc\u00e9e par le Juge de la Jeunesse. Il s&rsquo;agit de prot\u00e9ger l&rsquo;enfant en privant son ou ses parents partiellement ou totalement des droits de son autorit\u00e9 parentale.<\/p>\n\n\n\n<p>Les parents d\u00e9chus doivent toujours assumer les devoirs de l&rsquo;autorit\u00e9 parentale, ils restent d\u00e9biteurs alimentaires (allocations familiales, pension alimentaire, &#8230;) et responsables civilement de leur enfant.<\/p>\n\n\n\n<p>Cette mesure n&rsquo;est prise qu&rsquo;en dernier recours par le Juge de la Jeunesse \u00e0 l&rsquo;encontre d&rsquo;un parent qui, suite \u00e0 des mauvais traitements, abus, n\u00e9gligences ou inconduite notoire met en p\u00e9ril la s\u00e9curit\u00e9, la sant\u00e9 (physique et\/ou psychique) de son enfant.<\/p>\n\n\n\n<p>La mesure de d\u00e9ch\u00e9ance peut \u00eatre revue \u00e0 la demande des parents d\u00e9chus.<\/p>\n\n\n\n<p><\/p>\n\n\n\n<p><\/p>\n\n\n\n<p><\/p>\n\n\n\n<p><\/p>\n\n\n\n<p class=\"has-text-align-center\"><em>Agr\u00e9\u00e9 et subsidi\u00e9 par<\/em> <\/p>\n\n\n\n<div class=\"wp-block-image\"><figure class=\"aligncenter size-full is-resized\"><img loading=\"lazy\" decoding=\"async\" src=\"http:\/\/protutelle.be\/wp-content\/uploads\/2021\/08\/Fed-Wallonie-Bruxelles.jpg\" alt=\"\" class=\"wp-image-51\" width=\"90\" height=\"90\" srcset=\"https:\/\/protutelle.be\/wp-content\/uploads\/2021\/08\/Fed-Wallonie-Bruxelles.jpg 512w, https:\/\/protutelle.be\/wp-content\/uploads\/2021\/08\/Fed-Wallonie-Bruxelles-300x300.jpg 300w, https:\/\/protutelle.be\/wp-content\/uploads\/2021\/08\/Fed-Wallonie-Bruxelles-150x150.jpg 150w\" sizes=\"(max-width: 90px) 100vw, 90px\" \/><\/figure><\/div>\n","protected":false},"excerpt":{"rendered":"<p>De quoi parlons-nous ? Les droits et devoirs des parents \u00e0 l&rsquo;\u00e9gard de leur enfant mineur d&rsquo;\u00e2ge : Le droit de garde et d&rsquo;\u00e9ducation Repr\u00e9senter le jeune, consentir \u00e0 ses actes et administer ses biens Jouir des biens de son enfant&nbsp; R\u00e9clamer des aliments \u00e0 son enfant&nbsp; Recueillir tout ou partie de la succession de&hellip; <a class=\"more-link\" href=\"https:\/\/protutelle.be\/index.php\/autorite-parentale-decheance\/\">Poursuivre la lecture <span class=\"screen-reader-text\">Autorit\u00e9 parentale et d\u00e9ch\u00e9ance<\/span><\/a><\/p>\n","protected":false},"author":1,"featured_media":0,"parent":0,"menu_order":1,"comment_status":"closed","ping_status":"closed","template":"","meta":{"footnotes":""},"_links":{"self":[{"href":"https:\/\/protutelle.be\/index.php\/wp-json\/wp\/v2\/pages\/126"}],"collection":[{"href":"https:\/\/protutelle.be\/index.php\/wp-json\/wp\/v2\/pages"}],"about":[{"href":"https:\/\/protutelle.be\/index.php\/wp-json\/wp\/v2\/types\/page"}],"author":[{"embeddable":true,"href":"https:\/\/protutelle.be\/index.php\/wp-json\/wp\/v2\/users\/1"}],"replies":[{"embeddable":true,"href":"https:\/\/protutelle.be\/index.php\/wp-json\/wp\/v2\/comments?post=126"}],"version-history":[{"count":20,"href":"https:\/\/protutelle.be\/index.php\/wp-json\/wp\/v2\/pages\/126\/revisions"}],"predecessor-version":[{"id":306,"href":"https:\/\/protutelle.be\/index.php\/wp-json\/wp\/v2\/pages\/126\/revisions\/306"}],"wp:attachment":[{"href":"https:\/\/protutelle.be\/index.php\/wp-json\/wp\/v2\/media?parent=126"}],"curies":[{"name":"wp","href":"https:\/\/api.w.org\/{rel}","templated":true}]}}