{"id":106,"date":"2021-09-28T17:51:29","date_gmt":"2021-09-28T15:51:29","guid":{"rendered":"http:\/\/protutelle.be\/mj818802-ovh\/?page_id=106"},"modified":"2022-03-07T12:04:34","modified_gmt":"2022-03-07T11:04:34","slug":"telechargement","status":"publish","type":"page","link":"https:\/\/protutelle.be\/index.php\/telechargement\/","title":{"rendered":"T\u00e9l\u00e9chargements"},"content":{"rendered":"\n<h2 class=\"wp-block-heading\">Folder &#8211; Abri de l&rsquo;enfance<\/h2>\n\n\n\n<div data-wp-interactive=\"core\/file\" class=\"wp-block-file\"><object data-wp-bind--hidden=\"!state.hasPdfPreview\"  class=\"wp-block-file__embed\" data=\"https:\/\/protutelle.be\/wp-content\/uploads\/2022\/02\/Abri-de-lenfance.pdf\" type=\"application\/pdf\" style=\"width:100%;height:600px\" aria-label=\"Contenu embarqu\u00e9 Contenu embarqu\u00e9 Abri de l'enfance..\"><\/object><a id=\"wp-block-file--media-4c6f0c20-6ef3-43a4-a94f-e4cb51f0020b\" href=\"https:\/\/protutelle.be\/wp-content\/uploads\/2022\/02\/Abri-de-lenfance.pdf\">Abri de l&rsquo;enfance<\/a><a href=\"https:\/\/protutelle.be\/wp-content\/uploads\/2022\/02\/Abri-de-lenfance.pdf\" class=\"wp-block-file__button\" download aria-describedby=\"wp-block-file--media-4c6f0c20-6ef3-43a4-a94f-e4cb51f0020b\">T\u00e9l\u00e9charger<\/a><\/div>\n\n\n\n<h2 class=\"wp-block-heading\">Folder &#8211; Service de Protutelle<\/h2>\n\n\n\n<div data-wp-interactive=\"core\/file\" class=\"wp-block-file\"><object data-wp-bind--hidden=\"!state.hasPdfPreview\"  class=\"wp-block-file__embed\" data=\"https:\/\/protutelle.be\/wp-content\/uploads\/2022\/03\/Folder-Service-de-Protutelle.pdf\" type=\"application\/pdf\" style=\"width:100%;height:600px\" aria-label=\"Contenu embarqu\u00e9 Contenu embarqu\u00e9 Folder Service de Protutelle..\"><\/object><a id=\"wp-block-file--media-89e192d3-f35f-44d7-b1d3-3fa74e48f79b\" href=\"https:\/\/protutelle.be\/wp-content\/uploads\/2022\/03\/Folder-Service-de-Protutelle.pdf\">Folder Service de Protutelle<\/a><a href=\"https:\/\/protutelle.be\/wp-content\/uploads\/2022\/03\/Folder-Service-de-Protutelle.pdf\" class=\"wp-block-file__button\" download aria-describedby=\"wp-block-file--media-89e192d3-f35f-44d7-b1d3-3fa74e48f79b\">T\u00e9l\u00e9charger<\/a><\/div>\n\n\n\n<h2 class=\"wp-block-heading\">Folder &#8211; Le Renouveau<\/h2>\n\n\n\n<div data-wp-interactive=\"core\/file\" class=\"wp-block-file\"><object data-wp-bind--hidden=\"!state.hasPdfPreview\"  class=\"wp-block-file__embed\" data=\"https:\/\/protutelle.be\/wp-content\/uploads\/2022\/03\/Folder-le-Renouveau.pdf\" type=\"application\/pdf\" style=\"width:100%;height:600px\" aria-label=\"Contenu embarqu\u00e9 Contenu embarqu\u00e9 Folder le Renouveau..\"><\/object><a id=\"wp-block-file--media-a7ac5c5d-fd9b-4747-a6c9-d132aafb84fd\" href=\"https:\/\/protutelle.be\/wp-content\/uploads\/2022\/03\/Folder-le-Renouveau.pdf\">Folder le Renouveau<\/a><a href=\"https:\/\/protutelle.be\/wp-content\/uploads\/2022\/03\/Folder-le-Renouveau.pdf\" class=\"wp-block-file__button\" download aria-describedby=\"wp-block-file--media-a7ac5c5d-fd9b-4747-a6c9-d132aafb84fd\">T\u00e9l\u00e9charger<\/a><\/div>\n\n\n\n<h2 class=\"wp-block-heading\">Folder &#8211; Comit\u00e9 d&rsquo;Aide \u00e0 l&rsquo;Enfance<\/h2>\n\n\n\n<div data-wp-interactive=\"core\/file\" class=\"wp-block-file\"><object data-wp-bind--hidden=\"!state.hasPdfPreview\"  class=\"wp-block-file__embed\" data=\"https:\/\/protutelle.be\/wp-content\/uploads\/2022\/03\/Folder-comite\u0301-daide-a\u0300-lenfance.pdf\" type=\"application\/pdf\" style=\"width:100%;height:600px\" aria-label=\"Contenu embarqu\u00e9 Contenu embarqu\u00e9 Folder comite\u0301 d'aide a\u0300 l'enfance..\"><\/object><a id=\"wp-block-file--media-0600d4b8-4527-42e5-94b7-583f8898c30f\" href=\"https:\/\/protutelle.be\/wp-content\/uploads\/2022\/03\/Folder-comite\u0301-daide-a\u0300-lenfance.pdf\">Folder comite\u0301 d&rsquo;aide a\u0300 l&rsquo;enfance<\/a><a href=\"https:\/\/protutelle.be\/wp-content\/uploads\/2022\/03\/Folder-comite\u0301-daide-a\u0300-lenfance.pdf\" class=\"wp-block-file__button\" download aria-describedby=\"wp-block-file--media-0600d4b8-4527-42e5-94b7-583f8898c30f\">T\u00e9l\u00e9charger<\/a><\/div>\n\n\n\n<p><br><br><\/p>\n\n\n\n<p class=\"has-text-align-center\"><em>Agr\u00e9\u00e9 et subsidi\u00e9 par<\/em> <\/p>\n\n\n\n<div class=\"wp-block-image\"><figure class=\"aligncenter size-full is-resized\"><img loading=\"lazy\" decoding=\"async\" src=\"http:\/\/protutelle.be\/wp-content\/uploads\/2021\/08\/Fed-Wallonie-Bruxelles.jpg\" alt=\"\" class=\"wp-image-51\" width=\"90\" height=\"90\" srcset=\"https:\/\/protutelle.be\/wp-content\/uploads\/2021\/08\/Fed-Wallonie-Bruxelles.jpg 512w, https:\/\/protutelle.be\/wp-content\/uploads\/2021\/08\/Fed-Wallonie-Bruxelles-300x300.jpg 300w, https:\/\/protutelle.be\/wp-content\/uploads\/2021\/08\/Fed-Wallonie-Bruxelles-150x150.jpg 150w\" sizes=\"(max-width: 90px) 100vw, 90px\" \/><\/figure><\/div>\n","protected":false},"excerpt":{"rendered":"<p>Folder &#8211; Abri de l&rsquo;enfance Folder &#8211; Service de Protutelle Folder &#8211; Le Renouveau Folder &#8211; Comit\u00e9 d&rsquo;Aide \u00e0 l&rsquo;Enfance Agr\u00e9\u00e9 et subsidi\u00e9 par<\/p>\n","protected":false},"author":1,"featured_media":0,"parent":0,"menu_order":0,"comment_status":"closed","ping_status":"closed","template":"","meta":{"footnotes":""},"_links":{"self":[{"href":"https:\/\/protutelle.be\/index.php\/wp-json\/wp\/v2\/pages\/106"}],"collection":[{"href":"https:\/\/protutelle.be\/index.php\/wp-json\/wp\/v2\/pages"}],"about":[{"href":"https:\/\/protutelle.be\/index.php\/wp-json\/wp\/v2\/types\/page"}],"author":[{"embeddable":true,"href":"https:\/\/protutelle.be\/index.php\/wp-json\/wp\/v2\/users\/1"}],"replies":[{"embeddable":true,"href":"https:\/\/protutelle.be\/index.php\/wp-json\/wp\/v2\/comments?post=106"}],"version-history":[{"count":13,"href":"https:\/\/protutelle.be\/index.php\/wp-json\/wp\/v2\/pages\/106\/revisions"}],"predecessor-version":[{"id":314,"href":"https:\/\/protutelle.be\/index.php\/wp-json\/wp\/v2\/pages\/106\/revisions\/314"}],"wp:attachment":[{"href":"https:\/\/protutelle.be\/index.php\/wp-json\/wp\/v2\/media?parent=106"}],"curies":[{"name":"wp","href":"https:\/\/api.w.org\/{rel}","templated":true}]}}