{"id":103,"date":"2021-09-28T17:51:29","date_gmt":"2021-09-28T15:51:29","guid":{"rendered":"http:\/\/protutelle.be\/mj818802-ovh\/?page_id=103"},"modified":"2024-11-25T17:20:38","modified_gmt":"2024-11-25T16:20:38","slug":"le-protuteur","status":"publish","type":"page","link":"https:\/\/protutelle.be\/index.php\/le-protuteur\/","title":{"rendered":"Le Protuteur"},"content":{"rendered":"\n<h2 class=\"wp-block-heading\">Un protuteur pour qui, pourquoi ?<\/h2>\n\n\n\n<p>Il est la personne d\u00e9sign\u00e9e par le Juge de la Jeunesse pour exercer, en lieu et place du ou des parent(s) d\u00e9chu(s), les droits de l&rsquo;autorit\u00e9 parentale et ce, sous le contr\u00f4le du Tribunal de la Famille.<\/p>\n\n\n\n<p><\/p>\n\n\n\n<p>Lors de la recherche du protuteur, le service de protutelle respecte un ordre de priorit\u00e9 l\u00e9gal, \u00e0 savoir :<\/p>\n\n\n\n<ul>\n<li>le parent non d\u00e9chu<\/li>\n\n\n\n<li>Le cercle familial, un familier<\/li>\n\n\n\n<li>Toute personne qui souhaite s&rsquo;impliquer dans ce projet de vie<\/li>\n\n\n\n<li>Un intervenant social du service de protutelle<\/li>\n<\/ul>\n\n\n\n<p><strong>Cet ordre de priorit\u00e9 est examin\u00e9e en fonction de l&rsquo;int\u00e9r\u00eat de l&rsquo;enfant.<\/strong><\/p>\n\n\n\n<p>Le protuteur n&rsquo;est pas tenu de vivre avec l&rsquo;enfant et n&rsquo;a pas d&rsquo;obligation d&rsquo;intervention financi\u00e8re \u00e0 son \u00e9gard.<br><strong>Il<\/strong> exerce les droits des parents et non les devoirs et il n&rsquo;est, d\u00e9s lors, pas responsable civilement.<\/p>\n\n\n\n<p>Le protuteur est la personne qui, en concertation avec le milieu de vie du jeune, les intervenants directs et l&rsquo;autorit\u00e9 mandante, peut d\u00e9cider :<\/p>\n\n\n\n<ul>\n<li>de l&rsquo;endroit de vie du mineur<\/li>\n\n\n\n<li>du choix de l&rsquo;\u00e9cole<\/li>\n\n\n\n<li>des autorisations l\u00e9gales \u00e0 accorder<\/li>\n\n\n\n<li>de la gestion des biens en bon p\u00e8re de famille<\/li>\n<\/ul>\n\n\n\n<p>Devenir protuteur ne demande pas un investissement quotidien mais un engagement sur le long terme.<br>En pratique, le r\u00f4le du protuteur peut \u00eatre comparable \u00e0 celui d&rsquo;un parrain ou d&rsquo;une marraine.<\/p>\n\n\n\n<p><strong>Vous souhaitez en savoir plus ?<\/strong><br><strong>N&rsquo;h\u00e9sitez pas \u00e0 nous contacter ! Nous r\u00e9pondrons \u00e0 toutes vos questions !<\/strong><\/p>\n\n\n\n<p><\/p>\n\n\n\n<p><\/p>\n\n\n\n<h2 class=\"wp-block-heading\">Reportage Protutelle<\/h2>\n\n\n\n<figure class=\"wp-block-embed is-type-video is-provider-youtube wp-block-embed-youtube wp-embed-aspect-16-9 wp-has-aspect-ratio\"><div class=\"wp-block-embed__wrapper\">\n<iframe loading=\"lazy\" title=\"Protutelle - Protuteur\" width=\"750\" height=\"422\" src=\"https:\/\/www.youtube.com\/embed\/Ex1UhZmz3OU?feature=oembed\" frameborder=\"0\" allow=\"accelerometer; autoplay; clipboard-write; encrypted-media; gyroscope; picture-in-picture; web-share\" referrerpolicy=\"strict-origin-when-cross-origin\" allowfullscreen><\/iframe>\n<\/div><\/figure>\n\n\n\n<figure class=\"wp-block-video\"><video controls src=\"https:\/\/protutelle.be\/wp-content\/uploads\/2024\/11\/hls-downloader-25-11-2024.mp4\"><\/video><\/figure>\n\n\n\n<p class=\"has-text-align-center\"><em>Agr\u00e9\u00e9 et subsidi\u00e9 par<\/em> <\/p>\n\n\n<div class=\"wp-block-image is-resized\">\n<figure class=\"aligncenter size-full\"><img loading=\"lazy\" decoding=\"async\" width=\"512\" height=\"512\" src=\"http:\/\/protutelle.be\/wp-content\/uploads\/2021\/08\/Fed-Wallonie-Bruxelles.jpg\" alt=\"\" class=\"wp-image-51\" style=\"width:78px;height:auto\" srcset=\"https:\/\/protutelle.be\/wp-content\/uploads\/2021\/08\/Fed-Wallonie-Bruxelles.jpg 512w, https:\/\/protutelle.be\/wp-content\/uploads\/2021\/08\/Fed-Wallonie-Bruxelles-300x300.jpg 300w, https:\/\/protutelle.be\/wp-content\/uploads\/2021\/08\/Fed-Wallonie-Bruxelles-150x150.jpg 150w\" sizes=\"(max-width: 512px) 100vw, 512px\" \/><\/figure><\/div>\n\n\n<p><\/p>\n","protected":false},"excerpt":{"rendered":"<p>Un protuteur pour qui, pourquoi ? Il est la personne d\u00e9sign\u00e9e par le Juge de la Jeunesse pour exercer, en lieu et place du ou des parent(s) d\u00e9chu(s), les droits de l&rsquo;autorit\u00e9 parentale et ce, sous le contr\u00f4le du Tribunal de la Famille. Lors de la recherche du protuteur, le service de protutelle respecte un&hellip; <a class=\"more-link\" href=\"https:\/\/protutelle.be\/index.php\/le-protuteur\/\">Poursuivre la lecture <span class=\"screen-reader-text\">Le Protuteur<\/span><\/a><\/p>\n","protected":false},"author":1,"featured_media":0,"parent":0,"menu_order":0,"comment_status":"closed","ping_status":"closed","template":"","meta":{"footnotes":""},"_links":{"self":[{"href":"https:\/\/protutelle.be\/index.php\/wp-json\/wp\/v2\/pages\/103"}],"collection":[{"href":"https:\/\/protutelle.be\/index.php\/wp-json\/wp\/v2\/pages"}],"about":[{"href":"https:\/\/protutelle.be\/index.php\/wp-json\/wp\/v2\/types\/page"}],"author":[{"embeddable":true,"href":"https:\/\/protutelle.be\/index.php\/wp-json\/wp\/v2\/users\/1"}],"replies":[{"embeddable":true,"href":"https:\/\/protutelle.be\/index.php\/wp-json\/wp\/v2\/comments?post=103"}],"version-history":[{"count":14,"href":"https:\/\/protutelle.be\/index.php\/wp-json\/wp\/v2\/pages\/103\/revisions"}],"predecessor-version":[{"id":321,"href":"https:\/\/protutelle.be\/index.php\/wp-json\/wp\/v2\/pages\/103\/revisions\/321"}],"wp:attachment":[{"href":"https:\/\/protutelle.be\/index.php\/wp-json\/wp\/v2\/media?parent=103"}],"curies":[{"name":"wp","href":"https:\/\/api.w.org\/{rel}","templated":true}]}}